{"id":25,"date":"2023-03-26T00:01:09","date_gmt":"2023-03-25T21:01:09","guid":{"rendered":"https:\/\/tavukpazari.net\/form\/?page_id=25"},"modified":"2023-03-26T00:07:14","modified_gmt":"2023-03-25T21:07:14","slug":"ciftlik-form","status":"publish","type":"page","link":"https:\/\/tavukpazari.net\/form\/ciftlik-form\/","title":{"rendered":"Tavuk \u00c7iftli\u011fi Kurulum Talep Formu"},"content":{"rendered":"<div id=\"quform-ad0214\" class=\"quform quform-2 quform-support-page-caching\"><form id=\"quform-form-ad0214\" class=\"quform-form quform-form-2\" action=\"\/form\/wp-json\/wp\/v2\/pages\/25#quform-ad0214\" method=\"post\" enctype=\"multipart\/form-data\" novalidate=\"novalidate\" data-options=\"{&quot;id&quot;:2,&quot;uniqueId&quot;:&quot;ad0214&quot;,&quot;theme&quot;:&quot;&quot;,&quot;ajax&quot;:true,&quot;logic&quot;:{&quot;logic&quot;:[],&quot;dependents&quot;:[],&quot;elementIds&quot;:[],&quot;dependentElementIds&quot;:[],&quot;animate&quot;:true},&quot;currentPageId&quot;:1,&quot;errorsIcon&quot;:&quot;&quot;,&quot;updateFancybox&quot;:true,&quot;hasPages&quot;:false,&quot;pages&quot;:[1],&quot;pageProgressType&quot;:&quot;numbers&quot;,&quot;tooltipsEnabled&quot;:true,&quot;tooltipClasses&quot;:&quot;qtip-quform-dark qtip-shadow&quot;,&quot;tooltipMy&quot;:&quot;left center&quot;,&quot;tooltipAt&quot;:&quot;right center&quot;,&quot;isRtl&quot;:false,&quot;scrollOffset&quot;:-50,&quot;scrollSpeed&quot;:800}\"><button class=\"quform-default-submit\" name=\"quform_submit\" type=\"submit\" value=\"submit\" aria-hidden=\"true\" tabindex=\"-1\"><\/button><div class=\"quform-form-inner quform-form-inner-2\"><input type=\"hidden\" name=\"quform_form_id\" value=\"2\" \/><input type=\"hidden\" name=\"quform_form_uid\" value=\"ad0214\" \/><input type=\"hidden\" name=\"quform_count\" value=\"1\" \/><input type=\"hidden\" name=\"form_url\" value=\"https:\/\/tavukpazari.net\/form\/wp-json\/wp\/v2\/pages\/25\" \/><input type=\"hidden\" name=\"referring_url\" value=\"\" \/><input type=\"hidden\" name=\"post_id\" value=\"\" \/><input type=\"hidden\" name=\"post_title\" value=\"\" \/><input type=\"hidden\" name=\"quform_current_page_id\" value=\"1\" \/><input type=\"hidden\" name=\"quform_csrf_token\" value=\"gBndC8s6EVOSYdIKJawOY6M3rhAcz58Xrwdqte9C\" \/><div class=\"quform-form-title-description\"><p class=\"quform-form-description\">Size daha iyi hizmet verebilmemiz i\u00e7in l\u00fctfen ne istedi\u011finizi detayl\u0131 bir \u015fekilde belirtiniz.<\/p><\/div><div class=\"quform-elements quform-elements-2 quform-cf quform-responsive-elements-phone-landscape\"><div class=\"quform-element quform-element-page quform-page-1 quform-page-2_1 quform-cf quform-group-style-plain quform-first-page quform-last-page quform-current-page\"><div class=\"quform-child-elements\"><div class=\"quform-element quform-element-row quform-element-row-2_3 quform-2-columns quform-element-row-size-fixed quform-responsive-columns-phone-landscape\"><div class=\"quform-element quform-element-column quform-element-2_4\"><div class=\"quform-element quform-element-text quform-element-2_8 quform-cf quform-labels-inside quform-element-required\"><div class=\"quform-spacer\"><div class=\"quform-label quform-label-2_8\"><label class=\"quform-label-text\" for=\"quform_2_8_ad0214\">Ad Soyad<span class=\"quform-required\">*<\/span><\/label><\/div><div class=\"quform-inner quform-inner-text quform-inner-2_8\"><div class=\"quform-input quform-input-text quform-input-2_8 quform-cf\"><input type=\"text\" id=\"quform_2_8_ad0214\" name=\"quform_2_8\" class=\"quform-field quform-field-text quform-field-2_8\" \/><\/div><\/div><\/div><\/div><div class=\"quform-element quform-element-text quform-element-2_9 quform-cf quform-labels-inside quform-element-required\"><div class=\"quform-spacer\"><div class=\"quform-label quform-label-2_9\"><label class=\"quform-label-text\" for=\"quform_2_9_ad0214\">Telefon<span class=\"quform-required\">*<\/span><\/label><\/div><div class=\"quform-inner quform-inner-text quform-inner-2_9\"><div class=\"quform-input quform-input-text quform-input-2_9 quform-cf\"><input type=\"text\" id=\"quform_2_9_ad0214\" name=\"quform_2_9\" class=\"quform-field quform-field-text quform-field-2_9\" \/><\/div><\/div><\/div><\/div><div class=\"quform-element quform-element-email quform-element-2_22 quform-cf quform-labels-inside quform-element-optional\"><div class=\"quform-spacer\"><div class=\"quform-label quform-label-2_22\"><label class=\"quform-label-text\" for=\"quform_2_22_ad0214\">E-posta adresi<\/label><\/div><div class=\"quform-inner quform-inner-email quform-inner-2_22\"><div class=\"quform-input quform-input-email quform-input-2_22 quform-cf\"><input type=\"email\" id=\"quform_2_22_ad0214\" name=\"quform_2_22\" class=\"quform-field quform-field-email quform-field-2_22\" \/><\/div><\/div><\/div><\/div><\/div><div class=\"quform-element quform-element-column quform-element-2_5\"><div class=\"quform-element quform-element-text quform-element-2_12 quform-cf quform-labels-inside quform-element-optional\"><div class=\"quform-spacer\"><div class=\"quform-label quform-label-2_12\"><label class=\"quform-label-text\" for=\"quform_2_12_ad0214\">\u0130l<\/label><\/div><div class=\"quform-inner quform-inner-text quform-inner-2_12\"><div class=\"quform-input quform-input-text quform-input-2_12 quform-cf\"><input type=\"text\" id=\"quform_2_12_ad0214\" name=\"quform_2_12\" class=\"quform-field quform-field-text quform-field-2_12\" \/><\/div><\/div><\/div><\/div><div class=\"quform-element quform-element-text quform-element-2_13 quform-cf quform-labels-inside quform-element-optional\"><div class=\"quform-spacer\"><div class=\"quform-label quform-label-2_13\"><label class=\"quform-label-text\" for=\"quform_2_13_ad0214\">\u0130l\u00e7e<\/label><\/div><div class=\"quform-inner quform-inner-text quform-inner-2_13\"><div class=\"quform-input quform-input-text quform-input-2_13 quform-cf\"><input type=\"text\" id=\"quform_2_13_ad0214\" name=\"quform_2_13\" class=\"quform-field quform-field-text quform-field-2_13\" \/><\/div><\/div><\/div><\/div><\/div><\/div><div class=\"quform-element quform-element-textarea quform-element-2_14 quform-cf quform-labels-inside quform-element-optional\"><div class=\"quform-spacer\"><div class=\"quform-label quform-label-2_14\"><label class=\"quform-label-text\" for=\"quform_2_14_ad0214\">Adres<\/label><\/div><div class=\"quform-inner quform-inner-textarea quform-inner-2_14\"><div class=\"quform-input quform-input-textarea quform-input-2_14 quform-cf\"><textarea id=\"quform_2_14_ad0214\" name=\"quform_2_14\" class=\"quform-field quform-field-textarea quform-field-2_14\"><\/textarea><\/div><\/div><\/div><\/div><div class=\"quform-element quform-element-row quform-element-row-2_15 quform-2-columns quform-element-row-size-fixed quform-responsive-columns-phone-landscape\"><div class=\"quform-element quform-element-column quform-element-2_16\"><div class=\"quform-element quform-element-checkbox quform-element-2_20 quform-cf quform-element-optional\"><div class=\"quform-spacer\"><div class=\"quform-label quform-label-2_20\"><label class=\"quform-label-text\" id=\"quform_2_20_ad0214_label\">\u00c7iftlik Kapasitesi<\/label><\/div><div class=\"quform-inner quform-inner-checkbox quform-inner-2_20\"><div class=\"quform-input quform-input-checkbox quform-input-2_20 quform-cf\"><div class=\"quform-options quform-cf quform-options-block quform-options-simple\" role=\"group\" aria-labelledby=\"quform_2_20_ad0214_label\"><div class=\"quform-option\"><input type=\"checkbox\" name=\"quform_2_20[]\" id=\"quform_2_20_ad0214_1\" class=\"quform-field quform-field-checkbox quform-field-2_20 quform-field-2_20_1\" value=\"500 Tavuk\" \/><label for=\"quform_2_20_ad0214_1\" class=\"quform-option-label quform-option-label-2_20_1\"><span class=\"quform-option-text\">500 Tavuk<\/span><\/label><\/div><div class=\"quform-option\"><input type=\"checkbox\" name=\"quform_2_20[]\" id=\"quform_2_20_ad0214_2\" class=\"quform-field quform-field-checkbox quform-field-2_20 quform-field-2_20_2\" value=\"1000 Tavuk\" \/><label for=\"quform_2_20_ad0214_2\" class=\"quform-option-label quform-option-label-2_20_2\"><span class=\"quform-option-text\">1000 Tavuk<\/span><\/label><\/div><div class=\"quform-option\"><input type=\"checkbox\" name=\"quform_2_20[]\" id=\"quform_2_20_ad0214_3\" class=\"quform-field quform-field-checkbox quform-field-2_20 quform-field-2_20_3\" value=\"2000 Tavuk\" \/><label for=\"quform_2_20_ad0214_3\" class=\"quform-option-label quform-option-label-2_20_3\"><span class=\"quform-option-text\">2000 Tavuk<\/span><\/label><\/div><div class=\"quform-option\"><input type=\"checkbox\" name=\"quform_2_20[]\" id=\"quform_2_20_ad0214_4\" class=\"quform-field quform-field-checkbox quform-field-2_20 quform-field-2_20_4\" value=\"5000 Tavuk ve \u00fczeri\" \/><label for=\"quform_2_20_ad0214_4\" class=\"quform-option-label quform-option-label-2_20_4\"><span class=\"quform-option-text\">5000 Tavuk ve \u00fczeri<\/span><\/label><\/div><\/div><\/div><\/div><\/div><\/div><\/div><div class=\"quform-element quform-element-column quform-element-2_17\"><div class=\"quform-element quform-element-checkbox quform-element-2_18 quform-cf quform-element-optional\"><div class=\"quform-spacer\"><div class=\"quform-label quform-label-2_18\"><label class=\"quform-label-text\" id=\"quform_2_18_ad0214_label\">Tavuk Se\u00e7<\/label><\/div><div class=\"quform-inner quform-inner-checkbox quform-inner-2_18\"><div class=\"quform-input quform-input-checkbox quform-input-2_18 quform-cf\"><div class=\"quform-options quform-cf quform-options-block quform-options-simple\" role=\"group\" aria-labelledby=\"quform_2_18_ad0214_label\"><div class=\"quform-option\"><input type=\"checkbox\" name=\"quform_2_18[]\" id=\"quform_2_18_ad0214_1\" class=\"quform-field quform-field-checkbox quform-field-2_18 quform-field-2_18_1\" value=\"\u0130sa Tinted\" \/><label for=\"quform_2_18_ad0214_1\" class=\"quform-option-label quform-option-label-2_18_1\"><span class=\"quform-option-text\">\u0130sa Tinted<\/span><\/label><\/div><div class=\"quform-option\"><input type=\"checkbox\" name=\"quform_2_18[]\" id=\"quform_2_18_ad0214_2\" class=\"quform-field quform-field-checkbox quform-field-2_18 quform-field-2_18_2\" value=\"Ataks\" \/><label for=\"quform_2_18_ad0214_2\" class=\"quform-option-label quform-option-label-2_18_2\"><span class=\"quform-option-text\">Ataks<\/span><\/label><\/div><div class=\"quform-option\"><input type=\"checkbox\" name=\"quform_2_18[]\" id=\"quform_2_18_ad0214_3\" class=\"quform-field quform-field-checkbox quform-field-2_18 quform-field-2_18_3\" value=\"Lohman\" \/><label for=\"quform_2_18_ad0214_3\" class=\"quform-option-label quform-option-label-2_18_3\"><span class=\"quform-option-text\">Lohman<\/span><\/label><\/div><div class=\"quform-option\"><input type=\"checkbox\" name=\"quform_2_18[]\" id=\"quform_2_18_ad0214_5\" class=\"quform-field quform-field-checkbox quform-field-2_18 quform-field-2_18_5\" value=\"Brahma\" \/><label for=\"quform_2_18_ad0214_5\" class=\"quform-option-label quform-option-label-2_18_5\"><span class=\"quform-option-text\">Brahma<\/span><\/label><\/div><div class=\"quform-option\"><input type=\"checkbox\" name=\"quform_2_18[]\" id=\"quform_2_18_ad0214_4\" class=\"quform-field quform-field-checkbox quform-field-2_18 quform-field-2_18_4\" value=\"Sandy\" \/><label for=\"quform_2_18_ad0214_4\" class=\"quform-option-label quform-option-label-2_18_4\"><span class=\"quform-option-text\">Sandy<\/span><\/label><\/div><div class=\"quform-option\"><input type=\"checkbox\" name=\"quform_2_18[]\" id=\"quform_2_18_ad0214_6\" class=\"quform-field quform-field-checkbox quform-field-2_18 quform-field-2_18_6\" value=\"Ligorin\" \/><label for=\"quform_2_18_ad0214_6\" class=\"quform-option-label quform-option-label-2_18_6\"><span class=\"quform-option-text\">Ligorin<\/span><\/label><\/div><div class=\"quform-option\"><input type=\"checkbox\" name=\"quform_2_18[]\" id=\"quform_2_18_ad0214_7\" class=\"quform-field quform-field-checkbox quform-field-2_18 quform-field-2_18_7\" value=\"Sussex\" \/><label for=\"quform_2_18_ad0214_7\" class=\"quform-option-label quform-option-label-2_18_7\"><span class=\"quform-option-text\">Sussex<\/span><\/label><\/div><\/div><\/div><\/div><\/div><\/div><\/div><\/div><div class=\"quform-element quform-element-textarea quform-element-2_21 quform-cf quform-element-optional\"><div class=\"quform-spacer\"><div class=\"quform-label quform-label-2_21\"><label class=\"quform-label-text\" for=\"quform_2_21_ad0214\">Detay Giriniz<\/label><\/div><div class=\"quform-inner quform-inner-textarea quform-inner-2_21\"><div class=\"quform-input quform-input-textarea quform-input-2_21 quform-cf\"><textarea id=\"quform_2_21_ad0214\" name=\"quform_2_21\" class=\"quform-field quform-field-textarea quform-field-2_21\"><\/textarea><\/div><p class=\"quform-description quform-description-below\">nas\u0131l bir tavuk \u00e7iftli\u011fi istedi\u011finizi detayl\u0131 olarak yazabilirsiniz.<\/p><\/div><\/div><\/div><div class=\"quform-element quform-element-submit quform-element-2_2 quform-cf quform-button-style-theme\"><div class=\"quform-button-submit quform-button-submit-default quform-button-submit-2_2\"><button name=\"quform_submit\" type=\"submit\" class=\"quform-submit\" value=\"submit\"><span class=\"quform-button-text quform-button-submit-text\">G\u00f6nder<\/span><\/button><\/div><div class=\"quform-loading quform-loading-position-left quform-loading-type-spinner-1\"><div class=\"quform-loading-inner\"><div class=\"quform-loading-spinner\"><div class=\"quform-loading-spinner-inner\"><\/div><\/div><\/div><\/div><\/div><div class=\"quform-element-tree\"><label for=\"quform_2_0_ad0214\">Bu alan bo\u015f b\u0131rak\u0131lmal\u0131d\u0131r<\/label><input type=\"text\" id=\"quform_2_0_ad0214\" name=\"quform_2_0\" class=\"quform-field quform-field-tree quform-field-2_0\" tabindex=\"-1\" autocomplete=\"off\" \/><\/div><\/div><\/div><\/div><\/div><\/form><\/div>","protected":false},"excerpt":{"rendered":"","protected":false},"author":1,"featured_media":0,"parent":0,"menu_order":0,"comment_status":"closed","ping_status":"closed","template":"","meta":[],"_links":{"self":[{"href":"https:\/\/tavukpazari.net\/form\/wp-json\/wp\/v2\/pages\/25"}],"collection":[{"href":"https:\/\/tavukpazari.net\/form\/wp-json\/wp\/v2\/pages"}],"about":[{"href":"https:\/\/tavukpazari.net\/form\/wp-json\/wp\/v2\/types\/page"}],"author":[{"embeddable":true,"href":"https:\/\/tavukpazari.net\/form\/wp-json\/wp\/v2\/users\/1"}],"replies":[{"embeddable":true,"href":"https:\/\/tavukpazari.net\/form\/wp-json\/wp\/v2\/comments?post=25"}],"version-history":[{"count":4,"href":"https:\/\/tavukpazari.net\/form\/wp-json\/wp\/v2\/pages\/25\/revisions"}],"predecessor-version":[{"id":29,"href":"https:\/\/tavukpazari.net\/form\/wp-json\/wp\/v2\/pages\/25\/revisions\/29"}],"wp:attachment":[{"href":"https:\/\/tavukpazari.net\/form\/wp-json\/wp\/v2\/media?parent=25"}],"curies":[{"name":"wp","href":"https:\/\/api.w.org\/{rel}","templated":true}]}}