{"id":7,"date":"2023-03-25T16:12:45","date_gmt":"2023-03-25T13:12:45","guid":{"rendered":"https:\/\/tavukpazari.net\/form\/?page_id=7"},"modified":"2023-03-25T16:59:07","modified_gmt":"2023-03-25T13:59:07","slug":"kumes","status":"publish","type":"page","link":"https:\/\/tavukpazari.net\/form\/","title":{"rendered":"Tavuk Pazar\u0131 Talep Formu"},"content":{"rendered":"<div id=\"quform-5aaf05\" class=\"quform quform-1 quform-support-page-caching\"><form id=\"quform-form-5aaf05\" class=\"quform-form quform-form-1\" action=\"\/form\/wp-json\/wp\/v2\/pages\/7#quform-5aaf05\" method=\"post\" enctype=\"multipart\/form-data\" novalidate=\"novalidate\" data-options=\"{&quot;id&quot;:1,&quot;uniqueId&quot;:&quot;5aaf05&quot;,&quot;theme&quot;:&quot;&quot;,&quot;ajax&quot;:true,&quot;logic&quot;:{&quot;logic&quot;:[],&quot;dependents&quot;:[],&quot;elementIds&quot;:[],&quot;dependentElementIds&quot;:[],&quot;animate&quot;:true},&quot;currentPageId&quot;:1,&quot;errorsIcon&quot;:&quot;&quot;,&quot;updateFancybox&quot;:true,&quot;hasPages&quot;:false,&quot;pages&quot;:[1],&quot;pageProgressType&quot;:&quot;numbers&quot;,&quot;tooltipsEnabled&quot;:true,&quot;tooltipClasses&quot;:&quot;qtip-quform-dark qtip-shadow&quot;,&quot;tooltipMy&quot;:&quot;left center&quot;,&quot;tooltipAt&quot;:&quot;right center&quot;,&quot;isRtl&quot;:false,&quot;scrollOffset&quot;:-50,&quot;scrollSpeed&quot;:800}\"><button class=\"quform-default-submit\" name=\"quform_submit\" type=\"submit\" value=\"submit\" aria-hidden=\"true\" tabindex=\"-1\"><\/button><div class=\"quform-form-inner quform-form-inner-1\"><input type=\"hidden\" name=\"quform_form_id\" value=\"1\" \/><input type=\"hidden\" name=\"quform_form_uid\" value=\"5aaf05\" \/><input type=\"hidden\" name=\"quform_count\" value=\"1\" \/><input type=\"hidden\" name=\"form_url\" value=\"https:\/\/tavukpazari.net\/form\/wp-json\/wp\/v2\/pages\/7\" \/><input type=\"hidden\" name=\"referring_url\" value=\"\" \/><input type=\"hidden\" name=\"post_id\" value=\"\" \/><input type=\"hidden\" name=\"post_title\" value=\"\" \/><input type=\"hidden\" name=\"quform_current_page_id\" value=\"1\" \/><input type=\"hidden\" name=\"quform_csrf_token\" value=\"OlvxQzwh6RWfcpIVvO84xtFcxCNL2eeQHWnKWIdS\" \/><div class=\"quform-form-title-description\"><h2 class=\"quform-form-title\">Sipari\u015f Talep Formu<\/h2><p class=\"quform-form-description\">Size daha iyi hizmet verebilmemiz i\u00e7in l\u00fctfen ne istedi\u011finizi detayl\u0131 bir \u015fekilde belirtiniz.<\/p><\/div><div class=\"quform-elements quform-elements-1 quform-cf quform-responsive-elements-phone-landscape\"><div class=\"quform-element quform-element-page quform-page-1 quform-page-1_1 quform-cf quform-group-style-plain quform-first-page quform-last-page quform-current-page\"><div class=\"quform-child-elements\"><div class=\"quform-element quform-element-row quform-element-row-1_3 quform-2-columns quform-element-row-size-fixed quform-responsive-columns-phone-landscape\"><div class=\"quform-element quform-element-column quform-element-1_4\"><div class=\"quform-element quform-element-text quform-element-1_8 quform-cf quform-labels-inside quform-element-optional\"><div class=\"quform-spacer\"><div class=\"quform-label quform-label-1_8\"><label class=\"quform-label-text\" for=\"quform_1_8_5aaf05\">Ad Soyad<\/label><\/div><div class=\"quform-inner quform-inner-text quform-inner-1_8\"><div class=\"quform-input quform-input-text quform-input-1_8 quform-cf\"><input type=\"text\" id=\"quform_1_8_5aaf05\" name=\"quform_1_8\" class=\"quform-field quform-field-text quform-field-1_8\" \/><\/div><\/div><\/div><\/div><div class=\"quform-element quform-element-text quform-element-1_9 quform-cf quform-labels-inside quform-element-optional\"><div class=\"quform-spacer\"><div class=\"quform-label quform-label-1_9\"><label class=\"quform-label-text\" for=\"quform_1_9_5aaf05\">Telefon<\/label><\/div><div class=\"quform-inner quform-inner-text quform-inner-1_9\"><div class=\"quform-input quform-input-text quform-input-1_9 quform-cf\"><input type=\"text\" id=\"quform_1_9_5aaf05\" name=\"quform_1_9\" class=\"quform-field quform-field-text quform-field-1_9\" \/><\/div><\/div><\/div><\/div><\/div><div class=\"quform-element quform-element-column quform-element-1_5\"><div class=\"quform-element quform-element-text quform-element-1_12 quform-cf quform-labels-inside quform-element-optional\"><div class=\"quform-spacer\"><div class=\"quform-label quform-label-1_12\"><label class=\"quform-label-text\" for=\"quform_1_12_5aaf05\">\u0130l<\/label><\/div><div class=\"quform-inner quform-inner-text quform-inner-1_12\"><div class=\"quform-input quform-input-text quform-input-1_12 quform-cf\"><input type=\"text\" id=\"quform_1_12_5aaf05\" name=\"quform_1_12\" class=\"quform-field quform-field-text quform-field-1_12\" \/><\/div><\/div><\/div><\/div><div class=\"quform-element quform-element-text quform-element-1_13 quform-cf quform-labels-inside quform-element-optional\"><div class=\"quform-spacer\"><div class=\"quform-label quform-label-1_13\"><label class=\"quform-label-text\" for=\"quform_1_13_5aaf05\">\u0130l\u00e7e<\/label><\/div><div class=\"quform-inner quform-inner-text quform-inner-1_13\"><div class=\"quform-input quform-input-text quform-input-1_13 quform-cf\"><input type=\"text\" id=\"quform_1_13_5aaf05\" name=\"quform_1_13\" class=\"quform-field quform-field-text quform-field-1_13\" \/><\/div><\/div><\/div><\/div><\/div><\/div><div class=\"quform-element quform-element-textarea quform-element-1_14 quform-cf quform-labels-inside quform-element-optional\"><div class=\"quform-spacer\"><div class=\"quform-label quform-label-1_14\"><label class=\"quform-label-text\" for=\"quform_1_14_5aaf05\">Adres<\/label><\/div><div class=\"quform-inner quform-inner-textarea quform-inner-1_14\"><div class=\"quform-input quform-input-textarea quform-input-1_14 quform-cf\"><textarea id=\"quform_1_14_5aaf05\" name=\"quform_1_14\" class=\"quform-field quform-field-textarea quform-field-1_14\"><\/textarea><\/div><\/div><\/div><\/div><div class=\"quform-element quform-element-row quform-element-row-1_15 quform-2-columns quform-element-row-size-fixed quform-responsive-columns-phone-landscape\"><div class=\"quform-element quform-element-column quform-element-1_16\"><div class=\"quform-element quform-element-checkbox quform-element-1_18 quform-cf quform-element-optional\"><div class=\"quform-spacer\"><div class=\"quform-label quform-label-1_18\"><label class=\"quform-label-text\" id=\"quform_1_18_5aaf05_label\">Tavuk Se\u00e7<\/label><\/div><div class=\"quform-inner quform-inner-checkbox quform-inner-1_18\"><div class=\"quform-input quform-input-checkbox quform-input-1_18 quform-cf\"><div class=\"quform-options quform-cf quform-options-block quform-options-simple\" role=\"group\" aria-labelledby=\"quform_1_18_5aaf05_label\"><div class=\"quform-option\"><input type=\"checkbox\" name=\"quform_1_18[]\" id=\"quform_1_18_5aaf05_1\" class=\"quform-field quform-field-checkbox quform-field-1_18 quform-field-1_18_1\" value=\"\u0130sa Tinted\" \/><label for=\"quform_1_18_5aaf05_1\" class=\"quform-option-label quform-option-label-1_18_1\"><span class=\"quform-option-text\">\u0130sa Tinted<\/span><\/label><\/div><div class=\"quform-option\"><input type=\"checkbox\" name=\"quform_1_18[]\" id=\"quform_1_18_5aaf05_2\" class=\"quform-field quform-field-checkbox quform-field-1_18 quform-field-1_18_2\" value=\"Ataks\" \/><label for=\"quform_1_18_5aaf05_2\" class=\"quform-option-label quform-option-label-1_18_2\"><span class=\"quform-option-text\">Ataks<\/span><\/label><\/div><div class=\"quform-option\"><input type=\"checkbox\" name=\"quform_1_18[]\" id=\"quform_1_18_5aaf05_3\" class=\"quform-field quform-field-checkbox quform-field-1_18 quform-field-1_18_3\" value=\"Lohman\" \/><label for=\"quform_1_18_5aaf05_3\" class=\"quform-option-label quform-option-label-1_18_3\"><span class=\"quform-option-text\">Lohman<\/span><\/label><\/div><div class=\"quform-option\"><input type=\"checkbox\" name=\"quform_1_18[]\" id=\"quform_1_18_5aaf05_5\" class=\"quform-field quform-field-checkbox quform-field-1_18 quform-field-1_18_5\" value=\"Brahma\" \/><label for=\"quform_1_18_5aaf05_5\" class=\"quform-option-label quform-option-label-1_18_5\"><span class=\"quform-option-text\">Brahma<\/span><\/label><\/div><div class=\"quform-option\"><input type=\"checkbox\" name=\"quform_1_18[]\" id=\"quform_1_18_5aaf05_4\" class=\"quform-field quform-field-checkbox quform-field-1_18 quform-field-1_18_4\" value=\"Sandy\" \/><label for=\"quform_1_18_5aaf05_4\" class=\"quform-option-label quform-option-label-1_18_4\"><span class=\"quform-option-text\">Sandy<\/span><\/label><\/div><div class=\"quform-option\"><input type=\"checkbox\" name=\"quform_1_18[]\" id=\"quform_1_18_5aaf05_6\" class=\"quform-field quform-field-checkbox quform-field-1_18 quform-field-1_18_6\" value=\"Ligorin\" \/><label for=\"quform_1_18_5aaf05_6\" class=\"quform-option-label quform-option-label-1_18_6\"><span class=\"quform-option-text\">Ligorin<\/span><\/label><\/div><div class=\"quform-option\"><input type=\"checkbox\" name=\"quform_1_18[]\" id=\"quform_1_18_5aaf05_7\" class=\"quform-field quform-field-checkbox quform-field-1_18 quform-field-1_18_7\" value=\"Sussex\" \/><label for=\"quform_1_18_5aaf05_7\" class=\"quform-option-label quform-option-label-1_18_7\"><span class=\"quform-option-text\">Sussex<\/span><\/label><\/div><\/div><\/div><\/div><\/div><\/div><\/div><div class=\"quform-element quform-element-column quform-element-1_17\"><div class=\"quform-element quform-element-checkbox quform-element-1_20 quform-cf quform-element-optional\"><div class=\"quform-spacer\"><div class=\"quform-label quform-label-1_20\"><label class=\"quform-label-text\" id=\"quform_1_20_5aaf05_label\">Ekipman Se\u00e7<\/label><\/div><div class=\"quform-inner quform-inner-checkbox quform-inner-1_20\"><div class=\"quform-input quform-input-checkbox quform-input-1_20 quform-cf\"><div class=\"quform-options quform-cf quform-options-block quform-options-simple\" role=\"group\" aria-labelledby=\"quform_1_20_5aaf05_label\"><div class=\"quform-option\"><input type=\"checkbox\" name=\"quform_1_20[]\" id=\"quform_1_20_5aaf05_1\" class=\"quform-field quform-field-checkbox quform-field-1_20 quform-field-1_20_1\" value=\"Suluk\" \/><label for=\"quform_1_20_5aaf05_1\" class=\"quform-option-label quform-option-label-1_20_1\"><span class=\"quform-option-text\">Suluk<\/span><\/label><\/div><div class=\"quform-option\"><input type=\"checkbox\" name=\"quform_1_20[]\" id=\"quform_1_20_5aaf05_2\" class=\"quform-field quform-field-checkbox quform-field-1_20 quform-field-1_20_2\" value=\"Yemlik\" \/><label for=\"quform_1_20_5aaf05_2\" class=\"quform-option-label quform-option-label-1_20_2\"><span class=\"quform-option-text\">Yemlik<\/span><\/label><\/div><div class=\"quform-option\"><input type=\"checkbox\" name=\"quform_1_20[]\" id=\"quform_1_20_5aaf05_3\" class=\"quform-field quform-field-checkbox quform-field-1_20 quform-field-1_20_3\" value=\"Folluk\" \/><label for=\"quform_1_20_5aaf05_3\" class=\"quform-option-label quform-option-label-1_20_3\"><span class=\"quform-option-text\">Folluk<\/span><\/label><\/div><div class=\"quform-option\"><input type=\"checkbox\" name=\"quform_1_20[]\" id=\"quform_1_20_5aaf05_4\" class=\"quform-field quform-field-checkbox quform-field-1_20 quform-field-1_20_4\" value=\"Fan\" \/><label for=\"quform_1_20_5aaf05_4\" class=\"quform-option-label quform-option-label-1_20_4\"><span class=\"quform-option-text\">Fan<\/span><\/label><\/div><\/div><\/div><\/div><\/div><\/div><\/div><\/div><div class=\"quform-element quform-element-textarea quform-element-1_21 quform-cf quform-element-optional\"><div class=\"quform-spacer\"><div class=\"quform-label quform-label-1_21\"><label class=\"quform-label-text\" for=\"quform_1_21_5aaf05\">Ayr\u0131ca A\u00e7\u0131klama Girebilirsiniz<\/label><\/div><div class=\"quform-inner quform-inner-textarea quform-inner-1_21\"><div class=\"quform-input quform-input-textarea quform-input-1_21 quform-cf\"><textarea id=\"quform_1_21_5aaf05\" name=\"quform_1_21\" class=\"quform-field quform-field-textarea quform-field-1_21\"><\/textarea><\/div><\/div><\/div><\/div><div class=\"quform-element quform-element-submit quform-element-1_2 quform-cf quform-button-style-theme\"><div class=\"quform-button-submit quform-button-submit-default quform-button-submit-1_2\"><button name=\"quform_submit\" type=\"submit\" class=\"quform-submit\" value=\"submit\"><span class=\"quform-button-text quform-button-submit-text\">G\u00f6nder<\/span><\/button><\/div><div class=\"quform-loading quform-loading-position-left quform-loading-type-spinner-1\"><div class=\"quform-loading-inner\"><div class=\"quform-loading-spinner\"><div class=\"quform-loading-spinner-inner\"><\/div><\/div><\/div><\/div><\/div><div class=\"quform-element-tree\"><label for=\"quform_1_0_5aaf05\">Bu alan bo\u015f b\u0131rak\u0131lmal\u0131d\u0131r<\/label><input type=\"text\" id=\"quform_1_0_5aaf05\" name=\"quform_1_0\" class=\"quform-field quform-field-tree quform-field-1_0\" tabindex=\"-1\" autocomplete=\"off\" \/><\/div><\/div><\/div><\/div><\/div><\/form><\/div>","protected":false},"excerpt":{"rendered":"","protected":false},"author":1,"featured_media":0,"parent":0,"menu_order":0,"comment_status":"closed","ping_status":"closed","template":"","meta":[],"_links":{"self":[{"href":"https:\/\/tavukpazari.net\/form\/wp-json\/wp\/v2\/pages\/7"}],"collection":[{"href":"https:\/\/tavukpazari.net\/form\/wp-json\/wp\/v2\/pages"}],"about":[{"href":"https:\/\/tavukpazari.net\/form\/wp-json\/wp\/v2\/types\/page"}],"author":[{"embeddable":true,"href":"https:\/\/tavukpazari.net\/form\/wp-json\/wp\/v2\/users\/1"}],"replies":[{"embeddable":true,"href":"https:\/\/tavukpazari.net\/form\/wp-json\/wp\/v2\/comments?post=7"}],"version-history":[{"count":2,"href":"https:\/\/tavukpazari.net\/form\/wp-json\/wp\/v2\/pages\/7\/revisions"}],"predecessor-version":[{"id":11,"href":"https:\/\/tavukpazari.net\/form\/wp-json\/wp\/v2\/pages\/7\/revisions\/11"}],"wp:attachment":[{"href":"https:\/\/tavukpazari.net\/form\/wp-json\/wp\/v2\/media?parent=7"}],"curies":[{"name":"wp","href":"https:\/\/api.w.org\/{rel}","templated":true}]}}